{"id":114,"date":"2017-01-27T04:56:21","date_gmt":"2017-01-27T04:56:21","guid":{"rendered":"http:\/\/lolthemes.com\/demo\/wpm\/maxrestaurant\/?page_id=114"},"modified":"2021-05-08T01:43:31","modified_gmt":"2021-05-07T23:43:31","slug":"about","status":"publish","type":"page","link":"https:\/\/www.konobakum.com\/de\/about\/","title":{"rendered":"\u00dcber uns"},"content":{"rendered":"<p>[vc_row][vc_column]\t\t<!-- About Section -->\r\n\t\t<div class=\"container-fluid no-left-padding no-right-padding about-section\">\r\n\t\t\t<!-- Container -->\r\n\t\t\t<div class=\"container\">\r\n\t\t\t\t<!-- Row -->\r\n\t\t\t\t<div class=\"row\">\r\n\t\t\t\t\t<div class=\"col-md-6 about-detail\">\r\n\t\t\t\t\t\t\t\t\t\t\t\t\t\t<!-- Section Header -->\r\n\t\t\t\t\t\t\t\t<div class=\"section-header section-header2\">\r\n\t\t\t\t\t\t\t\t\t<h3>\u00dcber Uns<\/h3>\t\t\t\t\t\t\t\t\t<h4>WIR SIND DIE BESTE QUALIT\u00c4T UND TRADITIONELLES RESTAURANT<\/h4>\t\t\t\t\t\t\t\t<\/div><!-- Section Header \/- -->\r\n\t\t\t\t\t\t\t\t<p>Wir befinden uns zwischen den St\u00e4dten Sarajevo und Belgrad, direkt an der Route M-19. Von Sarajevo sind wir 42 km, und von Sokolac nur 1 km entfernt, womit wir Ihnen einen idealen Ort, zum Ausruhen und Speisen, in ruhiger und nat\u00fcrlicher Umgebung anbieten k\u00f6nnen.<br \/>\nAus Liebe zu den traditionellen Gerichten aus der Region Romanija, haben wir ein hochwertiges Angebot mit traditionellen Speisen.<br \/>\nWir bieten Ihnen die \u00dcbernachtungen in den Appartements an, welche sich weit weg von dem st\u00e4dtischen L\u00e4rm und Stress befinden, sodass wir eine ideale Unterkunft zum Ausruhen von der hektischen Atmosph\u00e4re der Grosstadt darstellen.<br \/>\nEs sind die gen\u00fcgend Parkpl\u00e4tze direkt beim Restaurant vorhanden. Wi-Fi, Seminarr\u00e4ume &amp; Konferenzr\u00e4ume inkl. Projektor f\u00fcr gesch\u00e4ftliche Pr\u00e4sentationen usw. k\u00f6nnen Sie ebenfalls bei uns buchen.<\/p>\n\t\t\t\t\t\t<div class=\"chef-detail\">\r\n\t\t\t\t\t\t\t<i><img width=\"150\" height=\"150\" src=\"https:\/\/www.konobakum.com\/wp-content\/uploads\/2017\/01\/about-thumb.jpg\" class=\"attachment-maxrestaurant_150_150 size-maxrestaurant_150_150\" alt=\"\" decoding=\"async\" loading=\"lazy\" srcset=\"https:\/\/www.konobakum.com\/wp-content\/uploads\/2017\/01\/about-thumb.jpg 150w, https:\/\/www.konobakum.com\/wp-content\/uploads\/2017\/01\/about-thumb-79x79.jpg 79w, https:\/\/www.konobakum.com\/wp-content\/uploads\/2017\/01\/about-thumb-86x86.jpg 86w, https:\/\/www.konobakum.com\/wp-content\/uploads\/2017\/01\/about-thumb-84x84.jpg 84w\" sizes=\"(max-width: 150px) 100vw, 150px\" \/><\/i>\t\t\t\t\t\t\t\t\t\t\t\t\t\t<div class=\"cnt\">\r\n\t\t\t\t\t\t\t\t<h4>Ihr freundliches Team vom Restaurant ``KUM``<\/h4>\r\n\t\t\t\t\t\t\t\t\t\t\t\t\t\t\t\t\t<\/div>\r\n\t\t\t\t\t\t<\/div>\r\n\t\t\t\t\t<\/div>\r\n\t\t\t\t\t<div class=\"col-md-6 about-img-block no-padding\">\r\n\t\t\t\t\t\t\t\t\t\t\t\t\t<div class=\"col-md-12 col-sm-6 col-xs-6\">\r\n\t\t\t\t\t\t\t\t<img width=\"514\" height=\"265\" src=\"https:\/\/www.konobakum.com\/wp-content\/uploads\/2017\/01\/about-img1.jpg\" class=\"attachment-maxrestaurant_514_265 size-maxrestaurant_514_265\" alt=\"\" decoding=\"async\" loading=\"lazy\" srcset=\"https:\/\/www.konobakum.com\/wp-content\/uploads\/2017\/01\/about-img1.jpg 514w, https:\/\/www.konobakum.com\/wp-content\/uploads\/2017\/01\/about-img1-300x155.jpg 300w\" sizes=\"(max-width: 514px) 100vw, 514px\" \/>\t\t\t\t\t\t\t<\/div>\r\n\t\t\t\t\t\t\t\t\t\t\t\t\t\t<div class=\"col-md-12 col-sm-6 col-xs-6\">\r\n\t\t\t\t\t\t\t\t<img width=\"514\" height=\"265\" src=\"https:\/\/www.konobakum.com\/wp-content\/uploads\/2017\/01\/about-img2.jpg\" class=\"attachment-maxrestaurant_514_265 size-maxrestaurant_514_265\" alt=\"\" decoding=\"async\" loading=\"lazy\" srcset=\"https:\/\/www.konobakum.com\/wp-content\/uploads\/2017\/01\/about-img2.jpg 514w, https:\/\/www.konobakum.com\/wp-content\/uploads\/2017\/01\/about-img2-300x155.jpg 300w\" sizes=\"(max-width: 514px) 100vw, 514px\" \/>\t\t\t\t\t\t\t<\/div>\r\n\t\t\t\t\t\t\t\t\t\t\t\t<\/div>\r\n\t\t\t\t<\/div><!-- Row \/- -->\r\n\t\t\t<\/div><!-- Container \/- -->\r\n\t\t<\/div><!-- About Section \/- -->\r\n\t\t[\/vc_column][\/vc_row][vc_row][vc_column]\t<!-- Counter Section -->\r\n\t<div class=\"container-fluid no-left-padding no-right-padding counter-section\" style='background-image: url(https:\/\/www.konobakum.com\/wp-content\/uploads\/2017\/01\/counter-bg.jpg);'>\r\n\t\t<!-- Container -->\r\n\t\t<div class=\"container\">\r\n\t\t\t\t\t\t\t<!-- Section Header -->\r\n\t\t\t\t<div class=\"section-header text-center\">\r\n\t\t\t\t\t<h3>Entfernung In Kilometern<\/h3>\t\t\t\t\t<h4>LASSEN SIE UNS DER TEIL DER REISE SEIN...<\/h4>\t\t\t\t<\/div><!-- Section Header \/- -->\r\n\t\t\t\t\t\t\t\t<!-- Row -->\r\n\t\t\t\t<div class=\"row\">\r\n\t\t\t\t\t\t\t\t\t\t\t\t<div class=\"col-md-3 col-sm-3 col-xs-6\">\r\n\t\t\t\t\t\t\t\t<div class=\"counter-box\">\r\n\t\t\t\t\t\t\t\t\t\t\t\t\t\t\t\t\t\t<span class=\"count\" id=\"statistics_count-1\" data-statistics_percent=\"42\"> &nbsp;<\/span>\r\n\t\t\t\t\t\t\t\t\t<h6>SARAJEVO<\/h6>\t\t\t\t\t\t\t\t<\/div>\r\n\t\t\t\t\t\t\t<\/div>\r\n\t\t\t\t\t\t\t\t\t\t\t\t\t\t<div class=\"col-md-3 col-sm-3 col-xs-6\">\r\n\t\t\t\t\t\t\t\t<div class=\"counter-box\">\r\n\t\t\t\t\t\t\t\t\t\t\t\t\t\t\t\t\t\t<span class=\"count\" id=\"statistics_count-2\" data-statistics_percent=\"256\"> &nbsp;<\/span>\r\n\t\t\t\t\t\t\t\t\t<h6>BEOGRAD<\/h6>\t\t\t\t\t\t\t\t<\/div>\r\n\t\t\t\t\t\t\t<\/div>\r\n\t\t\t\t\t\t\t\t\t\t\t\t\t\t<div class=\"col-md-3 col-sm-3 col-xs-6\">\r\n\t\t\t\t\t\t\t\t<div class=\"counter-box\">\r\n\t\t\t\t\t\t\t\t\t\t\t\t\t\t\t\t\t\t<span class=\"count\" id=\"statistics_count-3\" data-statistics_percent=\"148\"> &nbsp;<\/span>\r\n\t\t\t\t\t\t\t\t\t<h6>BIJELJINA<\/h6>\t\t\t\t\t\t\t\t<\/div>\r\n\t\t\t\t\t\t\t<\/div>\r\n\t\t\t\t\t\t\t\t\t\t\t\t\t\t<div class=\"col-md-3 col-sm-3 col-xs-6\">\r\n\t\t\t\t\t\t\t\t<div class=\"counter-box\">\r\n\t\t\t\t\t\t\t\t\t\t\t\t\t\t\t\t\t\t<span class=\"count\" id=\"statistics_count-4\" data-statistics_percent=\"49\"> &nbsp;<\/span>\r\n\t\t\t\t\t\t\t\t\t<h6>JAHORINA<\/h6>\t\t\t\t\t\t\t\t<\/div>\r\n\t\t\t\t\t\t\t<\/div>\r\n\t\t\t\t\t\t\t\t\t\t\t<\/div><!-- Row \/- -->\r\n\t\t\t\t\t\t<\/div><!-- Container \/- -->\r\n\t<\/div><!-- Counter Section \/- -->\r\n\t<div class=\"clearfix\"><\/div>\r\n\t\r\n\t[\/vc_column][\/vc_row][vc_row][vc_column][vc_gmaps link=&#8220;#E-8_JTNDaWZyYW1lJTIwc3JjJTNEJTIyaHR0cHMlM0ElMkYlMkZ3d3cuZ29vZ2xlLmNvbSUyRm1hcHMlMkZlbWJlZCUzRnBiJTNEJTIxMW0xNCUyMTFtOCUyMTFtMyUyMTFkMTE0OTIuNTA0NTQ4MDg1ODElMjEyZDE4LjgxNjA0MDUlMjEzZDQzLjkzNjA2MzElMjEzbTIlMjExaTEwMjQlMjEyaTc2OCUyMTRmMTMuMSUyMTNtMyUyMTFtMiUyMTFzMHgwJTI1M0EweGQ0ZDk4M2E2MWZhN2Q5NjglMjEyc1Jlc3RvcmFuJTJCS1VNJTIxNWUwJTIxM20yJTIxMXNzciUyMTJzYmElMjE0djE0OTQ0ODI0NjA4OTQlMjIlMjB3aWR0aCUzRCUyMjgwMCUyMiUyMGhlaWdodCUzRCUyMjYwMCUyMiUyMGZyYW1lYm9yZGVyJTNEJTIyMCUyMiUyMHN0eWxlJTNEJTIyYm9yZGVyJTNBMCUyMiUyMGFsbG93ZnVsbHNjcmVlbiUzRSUzQyUyRmlmcmFtZSUzRQ==&#8220;][\/vc_column][\/vc_row][vc_row][vc_column]\t<!-- Testimonial Section -->\r\n\t<div class=\"container-fluid no-left-padding no-right-padding testimonial-section\" style='background-image: url(https:\/\/www.konobakum.com\/wp-content\/uploads\/2017\/01\/testimonial-bg.jpg);'>\r\n\t\t<!-- Container -->\r\n\t\t<div class=\"container\">\r\n\t\t\t\t\t\t\t\t<!-- Section Header -->\r\n\t\t\t\t\t<div class=\"section-header text-center\">\r\n\t\t\t\t\t\t<h3>Testimonials<\/h3>\t\t\t\t\t\t\t\t\t\t\t<\/div><!-- Section Header \/- -->\r\n\t\t\t\t\t\t\t\t\t\t<div class=\"row\">\r\n\t\t\t\t\t\t<div class=\"col-md-offset-3 col-md-6 col-sm-offset-2 col-sm-8 col-xs-offset-1 col-xs-10 text-center\">\r\n\t\t\t\t\t\t\t<div id=\"testimonial-carousel\" class=\"carousel slide\" data-ride=\"carousel\">\r\n\t\t\t\t\t\t\t\t<!-- Wrapper for slides -->\r\n\t\t\t\t\t\t\t\t<div class=\"carousel-inner\" role=\"listbox\">\r\n\t\t\t\t\t\t\t\t\t\t\t\t\t\t\t\t\t\t\t<div class=\"item active\">\r\n\t\t\t\t\t\t\t\t\t\t\t<p>Ein gro\u00dfer Platz auf Ihrer Reise zur Ruhe<\/p>\n\t\t\t\t\t\t\t\t\t\t\t<i><i class=\"fa fa-quote-left\" aria-hidden=\"true\"><\/i><\/i>\r\n\t\t\t\t\t\t\t\t\t\t\t<h5>- Mladen Ivanovi\u0107<\/h5>\t\t\t\t\t\t\t\t\t\t<\/div>\r\n\t\t\t\t\t\t\t\t\t\t\t\t\t\t\t\t\t\t\t\t<div class=\"item\">\r\n\t\t\t\t\t\t\t\t\t\t\t<p>Guten Ort, um traditionelles Essen zu essen<\/p>\n\t\t\t\t\t\t\t\t\t\t\t<i><i class=\"fa fa-quote-left\" aria-hidden=\"true\"><\/i><\/i>\r\n\t\t\t\t\t\t\t\t\t\t\t<h5>- Bojan Baj\u0161anski<\/h5>\t\t\t\t\t\t\t\t\t\t<\/div>\r\n\t\t\t\t\t\t\t\t\t\t\t\t\t\t\t\t\t\t\t\t<div class=\"item\">\r\n\t\t\t\t\t\t\t\t\t\t\t<p>Extra Essen und freundliches Personal. Sch\u00f6nes Ambiente und Aussicht<\/p>\n\t\t\t\t\t\t\t\t\t\t\t<i><i class=\"fa fa-quote-left\" aria-hidden=\"true\"><\/i><\/i>\r\n\t\t\t\t\t\t\t\t\t\t\t<h5>- Slobodan Zlokolica<\/h5>\t\t\t\t\t\t\t\t\t\t<\/div>\r\n\t\t\t\t\t\t\t\t\t\t\t\t\t\t\t\t\t\t\t\t<div class=\"item\">\r\n\t\t\t\t\t\t\t\t\t\t\t<p>Nett \u0107evap\u010di\u0107i<\/p>\n\t\t\t\t\t\t\t\t\t\t\t<i><i class=\"fa fa-quote-left\" aria-hidden=\"true\"><\/i><\/i>\r\n\t\t\t\t\t\t\t\t\t\t\t<h5>- Igor Coni\u0107<\/h5>\t\t\t\t\t\t\t\t\t\t<\/div>\r\n\t\t\t\t\t\t\t\t\t\t\t\t\t\t\t\t\t\t\t\t<div class=\"item\">\r\n\t\t\t\t\t\t\t\t\t\t\t<p>Guter Service, billige Lebensmittel, sch\u00f6ne Natur<\/p>\n\t\t\t\t\t\t\t\t\t\t\t<i><i class=\"fa fa-quote-left\" aria-hidden=\"true\"><\/i><\/i>\r\n\t\t\t\t\t\t\t\t\t\t\t<h5>- Dejan Kraljeva\u010dki<\/h5>\t\t\t\t\t\t\t\t\t\t<\/div>\r\n\t\t\t\t\t\t\t\t\t\t\t\t\t\t\t\t\t\t\t\t<div class=\"item\">\r\n\t\t\t\t\t\t\t\t\t\t\t<p>Toller Ort zum Stoppen und Ausruhen, leckeres Essen, Pfannkuchen noch besser<\/p>\n\t\t\t\t\t\t\t\t\t\t\t<i><i class=\"fa fa-quote-left\" aria-hidden=\"true\"><\/i><\/i>\r\n\t\t\t\t\t\t\t\t\t\t\t<h5>- Vedran \u017divkovi\u0107<\/h5>\t\t\t\t\t\t\t\t\t\t<\/div>\r\n\t\t\t\t\t\t\t\t\t\t\t\t\t\t\t\t\t\t<\/div>\r\n\t\t\t\t\t\t\t\t<!-- Indicators -->\r\n\t\t\t\t\t\t\t\t<ol class=\"carousel-indicators\">\r\n\t\t\t\t\t\t\t\t\t\t\t\t\t\t\t\t\t\t\t<li data-target=\"#testimonial-carousel\" data-slide-to=\"0\"  class=\"active\"><\/li>\r\n\t\t\t\t\t\t\t\t\t\t\t\t\t\t\t\t\t\t\t\t<li data-target=\"#testimonial-carousel\" data-slide-to=\"1\" ><\/li>\r\n\t\t\t\t\t\t\t\t\t\t\t\t\t\t\t\t\t\t\t\t<li data-target=\"#testimonial-carousel\" data-slide-to=\"2\" ><\/li>\r\n\t\t\t\t\t\t\t\t\t\t\t\t\t\t\t\t\t\t\t\t<li data-target=\"#testimonial-carousel\" data-slide-to=\"3\" ><\/li>\r\n\t\t\t\t\t\t\t\t\t\t\t\t\t\t\t\t\t\t\t\t<li data-target=\"#testimonial-carousel\" data-slide-to=\"4\" ><\/li>\r\n\t\t\t\t\t\t\t\t\t\t\t\t\t\t\t\t\t\t\t\t<li data-target=\"#testimonial-carousel\" data-slide-to=\"5\" ><\/li>\r\n\t\t\t\t\t\t\t\t\t\t\t\t\t\t\t\t\t\t<\/ol>\r\n\t\t\t\t\t\t\t<\/div>\r\n\t\t\t\t\t\t<\/div>\r\n\t\t\t\t\t<\/div>\r\n\t\t\t\t\t\t\t<\/div><!-- Container \/- -->\r\n\t<\/div><!-- Testimonial Section \/- -->\r\n\t<div class=\"clearfix\"><\/div>\r\n\t[\/vc_column][\/vc_row][vc_row][vc_column][vc_column_text]<\/p>\n<p>[\/vc_column_text][\/vc_column][\/vc_row]<\/p>","protected":false},"excerpt":{"rendered":"<p>[vc_row][vc_column][\/vc_column][\/vc_row][vc_row][vc_column][\/vc_column][\/vc_row][vc_row][vc_column][vc_gmaps link=&#8220;#E-8_JTNDaWZyYW1lJTIwc3JjJTNEJTIyaHR0cHMlM0ElMkYlMkZ3d3cuZ29vZ2xlLmNvbSUyRm1hcHMlMkZlbWJlZCUzRnBiJTNEJTIxMW0xNCUyMTFtOCUyMTFtMyUyMTFkMTE0OTIuNTA0NTQ4MDg1ODElMjEyZDE4LjgxNjA0MDUlMjEzZDQzLjkzNjA2MzElMjEzbTIlMjExaTEwMjQlMjEyaTc2OCUyMTRmMTMuMSUyMTNtMyUyMTFtMiUyMTFzMHgwJTI1M0EweGQ0ZDk4M2E2MWZhN2Q5NjglMjEyc1Jlc3RvcmFuJTJCS1VNJTIxNWUwJTIxM20yJTIxMXNzciUyMTJzYmElMjE0djE0OTQ0ODI0NjA4OTQlMjIlMjB3aWR0aCUzRCUyMjgwMCUyMiUyMGhlaWdodCUzRCUyMjYwMCUyMiUyMGZyYW1lYm9yZGVyJTNEJTIyMCUyMiUyMHN0eWxlJTNEJTIyYm9yZGVyJTNBMCUyMiUyMGFsbG93ZnVsbHNjcmVlbiUzRSUzQyUyRmlmcmFtZSUzRQ==&#8220;][\/vc_column][\/vc_row][vc_row][vc_column][\/vc_column][\/vc_row][vc_row][vc_column][vc_column_text] [\/vc_column_text][\/vc_column][\/vc_row]<\/p>\n","protected":false},"author":1,"featured_media":0,"parent":0,"menu_order":0,"comment_status":"closed","ping_status":"closed","template":"","meta":{"footnotes":""},"yoast_head":"<!-- This site is optimized with the Yoast SEO plugin v21.6 - https:\/\/yoast.com\/wordpress\/plugins\/seo\/ -->\n<title>\u00dcber uns - Taverne KUM Sokolac<\/title>\n<meta name=\"robots\" content=\"index, follow, max-snippet:-1, max-image-preview:large, max-video-preview:-1\" \/>\n<link rel=\"canonical\" href=\"https:\/\/www.konobakum.com\/about\/\" \/>\n<meta name=\"twitter:card\" content=\"summary_large_image\" \/>\n<meta name=\"twitter:title\" content=\"\u00dcber uns - Taverne KUM Sokolac\" \/>\n<meta name=\"twitter:description\" content=\"[vc_row][vc_column][\/vc_column][\/vc_row][vc_row][vc_column][\/vc_column][\/vc_row][vc_row][vc_column][vc_gmaps link=&#8220;#E-8_JTNDaWZyYW1lJTIwc3JjJTNEJTIyaHR0cHMlM0ElMkYlMkZ3d3cuZ29vZ2xlLmNvbSUyRm1hcHMlMkZlbWJlZCUzRnBiJTNEJTIxMW0xNCUyMTFtOCUyMTFtMyUyMTFkMTE0OTIuNTA0NTQ4MDg1ODElMjEyZDE4LjgxNjA0MDUlMjEzZDQzLjkzNjA2MzElMjEzbTIlMjExaTEwMjQlMjEyaTc2OCUyMTRmMTMuMSUyMTNtMyUyMTFtMiUyMTFzMHgwJTI1M0EweGQ0ZDk4M2E2MWZhN2Q5NjglMjEyc1Jlc3RvcmFuJTJCS1VNJTIxNWUwJTIxM20yJTIxMXNzciUyMTJzYmElMjE0djE0OTQ0ODI0NjA4OTQlMjIlMjB3aWR0aCUzRCUyMjgwMCUyMiUyMGhlaWdodCUzRCUyMjYwMCUyMiUyMGZyYW1lYm9yZGVyJTNEJTIyMCUyMiUyMHN0eWxlJTNEJTIyYm9yZGVyJTNBMCUyMiUyMGFsbG93ZnVsbHNjcmVlbiUzRSUzQyUyRmlmcmFtZSUzRQ==&#8220;][\/vc_column][\/vc_row][vc_row][vc_column][\/vc_column][\/vc_row][vc_row][vc_column][vc_column_text] [\/vc_column_text][\/vc_column][\/vc_row]\" \/>\n<meta name=\"twitter:label1\" content=\"Gesch\u00e4tzte Lesezeit\" \/>\n\t<meta name=\"twitter:data1\" content=\"4\u00a0Minuten\" \/>\n<script type=\"application\/ld+json\" class=\"yoast-schema-graph\">{\"@context\":\"https:\/\/schema.org\",\"@graph\":[{\"@type\":\"WebPage\",\"@id\":\"https:\/\/www.konobakum.com\/about\/\",\"url\":\"https:\/\/www.konobakum.com\/about\/\",\"name\":\"\u00dcber uns - Taverne KUM Sokolac\",\"isPartOf\":{\"@id\":\"https:\/\/www.konobakum.com\/#website\"},\"datePublished\":\"2017-01-27T04:56:21+00:00\",\"dateModified\":\"2021-05-07T23:43:31+00:00\",\"breadcrumb\":{\"@id\":\"https:\/\/www.konobakum.com\/about\/#breadcrumb\"},\"inLanguage\":\"de\",\"potentialAction\":[{\"@type\":\"ReadAction\",\"target\":[\"https:\/\/www.konobakum.com\/about\/\"]}]},{\"@type\":\"BreadcrumbList\",\"@id\":\"https:\/\/www.konobakum.com\/about\/#breadcrumb\",\"itemListElement\":[{\"@type\":\"ListItem\",\"position\":1,\"name\":\"Home\",\"item\":\"https:\/\/www.konobakum.com\/\"},{\"@type\":\"ListItem\",\"position\":2,\"name\":\"O nama\"}]},{\"@type\":\"WebSite\",\"@id\":\"https:\/\/www.konobakum.com\/#website\",\"url\":\"https:\/\/www.konobakum.com\/\",\"name\":\"Taverne KUM Sokolac\",\"description\":\"Restaurant und Unterkunft\",\"publisher\":{\"@id\":\"https:\/\/www.konobakum.com\/#organization\"},\"potentialAction\":[{\"@type\":\"SearchAction\",\"target\":{\"@type\":\"EntryPoint\",\"urlTemplate\":\"https:\/\/www.konobakum.com\/?s={search_term_string}\"},\"query-input\":\"required name=search_term_string\"}],\"inLanguage\":\"de\"},{\"@type\":\"Organization\",\"@id\":\"https:\/\/www.konobakum.com\/#organization\",\"name\":\"Etno naselje KUM - Sokolac\",\"url\":\"https:\/\/www.konobakum.com\/\",\"logo\":{\"@type\":\"ImageObject\",\"inLanguage\":\"de\",\"@id\":\"https:\/\/www.konobakum.com\/#\/schema\/logo\/image\/\",\"url\":\"https:\/\/www.konobakum.com\/wp-content\/uploads\/2018\/12\/logo6.jpg\",\"contentUrl\":\"https:\/\/www.konobakum.com\/wp-content\/uploads\/2018\/12\/logo6.jpg\",\"width\":160,\"height\":160,\"caption\":\"Etno naselje KUM - Sokolac\"},\"image\":{\"@id\":\"https:\/\/www.konobakum.com\/#\/schema\/logo\/image\/\"},\"sameAs\":[\"https:\/\/www.facebook.com\/Konoba-KUM-141559219838414\/\",\"https:\/\/www.instagram.com\/etnonaselje_kum_sokolac\/\",\"https:\/\/www.youtube.com\/channel\/UC3PrITwf68Q6Mf3E2TnHHhA\/videos\"]}]}<\/script>\n<!-- \/ Yoast SEO plugin. -->","yoast_head_json":{"title":"\u00dcber uns - Taverne KUM Sokolac","robots":{"index":"index","follow":"follow","max-snippet":"max-snippet:-1","max-image-preview":"max-image-preview:large","max-video-preview":"max-video-preview:-1"},"canonical":"https:\/\/www.konobakum.com\/about\/","twitter_card":"summary_large_image","twitter_title":"\u00dcber uns - Taverne KUM Sokolac","twitter_description":"[vc_row][vc_column][\/vc_column][\/vc_row][vc_row][vc_column][\/vc_column][\/vc_row][vc_row][vc_column][vc_gmaps link=&#8220;#E-8_JTNDaWZyYW1lJTIwc3JjJTNEJTIyaHR0cHMlM0ElMkYlMkZ3d3cuZ29vZ2xlLmNvbSUyRm1hcHMlMkZlbWJlZCUzRnBiJTNEJTIxMW0xNCUyMTFtOCUyMTFtMyUyMTFkMTE0OTIuNTA0NTQ4MDg1ODElMjEyZDE4LjgxNjA0MDUlMjEzZDQzLjkzNjA2MzElMjEzbTIlMjExaTEwMjQlMjEyaTc2OCUyMTRmMTMuMSUyMTNtMyUyMTFtMiUyMTFzMHgwJTI1M0EweGQ0ZDk4M2E2MWZhN2Q5NjglMjEyc1Jlc3RvcmFuJTJCS1VNJTIxNWUwJTIxM20yJTIxMXNzciUyMTJzYmElMjE0djE0OTQ0ODI0NjA4OTQlMjIlMjB3aWR0aCUzRCUyMjgwMCUyMiUyMGhlaWdodCUzRCUyMjYwMCUyMiUyMGZyYW1lYm9yZGVyJTNEJTIyMCUyMiUyMHN0eWxlJTNEJTIyYm9yZGVyJTNBMCUyMiUyMGFsbG93ZnVsbHNjcmVlbiUzRSUzQyUyRmlmcmFtZSUzRQ==&#8220;][\/vc_column][\/vc_row][vc_row][vc_column][\/vc_column][\/vc_row][vc_row][vc_column][vc_column_text] [\/vc_column_text][\/vc_column][\/vc_row]","twitter_misc":{"Gesch\u00e4tzte Lesezeit":"4\u00a0Minuten"},"schema":{"@context":"https:\/\/schema.org","@graph":[{"@type":"WebPage","@id":"https:\/\/www.konobakum.com\/about\/","url":"https:\/\/www.konobakum.com\/about\/","name":"\u00dcber uns - Taverne KUM Sokolac","isPartOf":{"@id":"https:\/\/www.konobakum.com\/#website"},"datePublished":"2017-01-27T04:56:21+00:00","dateModified":"2021-05-07T23:43:31+00:00","breadcrumb":{"@id":"https:\/\/www.konobakum.com\/about\/#breadcrumb"},"inLanguage":"de","potentialAction":[{"@type":"ReadAction","target":["https:\/\/www.konobakum.com\/about\/"]}]},{"@type":"BreadcrumbList","@id":"https:\/\/www.konobakum.com\/about\/#breadcrumb","itemListElement":[{"@type":"ListItem","position":1,"name":"Home","item":"https:\/\/www.konobakum.com\/"},{"@type":"ListItem","position":2,"name":"O nama"}]},{"@type":"WebSite","@id":"https:\/\/www.konobakum.com\/#website","url":"https:\/\/www.konobakum.com\/","name":"Taverne KUM Sokolac","description":"Restaurant und Unterkunft","publisher":{"@id":"https:\/\/www.konobakum.com\/#organization"},"potentialAction":[{"@type":"SearchAction","target":{"@type":"EntryPoint","urlTemplate":"https:\/\/www.konobakum.com\/?s={search_term_string}"},"query-input":"required name=search_term_string"}],"inLanguage":"de"},{"@type":"Organization","@id":"https:\/\/www.konobakum.com\/#organization","name":"Etno naselje KUM - Sokolac","url":"https:\/\/www.konobakum.com\/","logo":{"@type":"ImageObject","inLanguage":"de","@id":"https:\/\/www.konobakum.com\/#\/schema\/logo\/image\/","url":"https:\/\/www.konobakum.com\/wp-content\/uploads\/2018\/12\/logo6.jpg","contentUrl":"https:\/\/www.konobakum.com\/wp-content\/uploads\/2018\/12\/logo6.jpg","width":160,"height":160,"caption":"Etno naselje KUM - Sokolac"},"image":{"@id":"https:\/\/www.konobakum.com\/#\/schema\/logo\/image\/"},"sameAs":["https:\/\/www.facebook.com\/Konoba-KUM-141559219838414\/","https:\/\/www.instagram.com\/etnonaselje_kum_sokolac\/","https:\/\/www.youtube.com\/channel\/UC3PrITwf68Q6Mf3E2TnHHhA\/videos"]}]}},"_links":{"self":[{"href":"https:\/\/www.konobakum.com\/de\/wp-json\/wp\/v2\/pages\/114"}],"collection":[{"href":"https:\/\/www.konobakum.com\/de\/wp-json\/wp\/v2\/pages"}],"about":[{"href":"https:\/\/www.konobakum.com\/de\/wp-json\/wp\/v2\/types\/page"}],"author":[{"embeddable":true,"href":"https:\/\/www.konobakum.com\/de\/wp-json\/wp\/v2\/users\/1"}],"replies":[{"embeddable":true,"href":"https:\/\/www.konobakum.com\/de\/wp-json\/wp\/v2\/comments?post=114"}],"version-history":[{"count":13,"href":"https:\/\/www.konobakum.com\/de\/wp-json\/wp\/v2\/pages\/114\/revisions"}],"predecessor-version":[{"id":1456,"href":"https:\/\/www.konobakum.com\/de\/wp-json\/wp\/v2\/pages\/114\/revisions\/1456"}],"wp:attachment":[{"href":"https:\/\/www.konobakum.com\/de\/wp-json\/wp\/v2\/media?parent=114"}],"curies":[{"name":"wp","href":"https:\/\/api.w.org\/{rel}","templated":true}]}}