{"id":734,"date":"2017-05-16T08:34:52","date_gmt":"2017-05-16T06:34:52","guid":{"rendered":"https:\/\/www.konobakum.com\/?page_id=734"},"modified":"2021-05-08T01:47:26","modified_gmt":"2021-05-07T23:47:26","slug":"restoran","status":"publish","type":"page","link":"https:\/\/www.konobakum.com\/de\/restoran\/","title":{"rendered":"Restaurant"},"content":{"rendered":"<p>[vc_row full_height=&#8220;yes&#8220; columns_placement=&#8220;top&#8220;][vc_column width=&#8220;1\/6&#8243; css=&#8220;.vc_custom_1497713219038{margin-right: 10px !important;margin-left: 10px !important;}&#8220;][\/vc_column][vc_column width=&#8220;2\/3&#8243;][vc_column_text 0=&#8220;&#8220;]<\/p>\n<div class=\"section-header section-header2\">\n<h4>RESTAURANT<\/h4>\n<\/div>\n<p>Die Inneneinrichtung der Taverne KUM ist vollst\u00e4ndig von Details des Sarajevo-Romanija-Gebietes motiviert. Passend dazu ist auch die ganze Speisekarte diesem Stil angepasst. In unserem Restaurant haben Sie die M\u00f6glichkeit, die k\u00f6stlichsten Speisen unseres Gebietes, wof\u00fcr wir auch bekannt sind, zu probieren.<\/p>\n<p>Die Taverne KUM ist aber nicht nur Treffpunkt f\u00fcr Geniesser von einem guten Tropfen und einer wunderbaren Speise. Nebst einzelnen Aufenthalten verf\u00fcgen wir \u00fcber einen separaten Saal mit einer Kapazit\u00e4t von 60 Pl\u00e4tzen in welchen wir folgende Inhalte organisieren:<\/p>\n<ul>\n<li>Geburtstage<\/li>\n<li>Taufen<\/li>\n<li>Klassen-\/Maturatreffen<\/li>\n<li>Arbeitsessen<\/li>\n<li>Konferenzen und Meetings (WiFi, Beamer und Leinwand)[\/vc_column_text][vc_gallery interval=&#8220;3&#8243; images=&#8220;936,565,935,586,934,585,583,564,561&#8243; img_size=&#8220;960&#215;640&#8243;][\/vc_column][vc_column width=&#8220;1\/6&#8243;][\/vc_column][\/vc_row][vc_row][vc_column][vc_column_text]<\/li>\n<\/ul>\n<p>[\/vc_column_text][\/vc_column][\/vc_row]<\/p>","protected":false},"excerpt":{"rendered":"<p>[vc_row full_height=&#8220;yes&#8220; columns_placement=&#8220;top&#8220;][vc_column width=&#8220;1\/6&#8243; css=&#8220;.vc_custom_1497713219038{margin-right: 10px !important;margin-left: 10px !important;}&#8220;][\/vc_column][vc_column width=&#8220;2\/3&#8243;][vc_column_text 0=&#8220;&#8220;] RESTAURANT Die Inneneinrichtung der Taverne KUM ist vollst\u00e4ndig von Details des Sarajevo-Romanija-Gebietes motiviert. Passend dazu ist auch die ganze Speisekarte diesem Stil angepasst. In unserem Restaurant haben Sie die M\u00f6glichkeit, die k\u00f6stlichsten Speisen unseres Gebietes, wof\u00fcr wir auch bekannt sind, zu probieren. Die Taverne [&hellip;]<\/p>\n","protected":false},"author":1,"featured_media":0,"parent":0,"menu_order":0,"comment_status":"closed","ping_status":"closed","template":"","meta":{"footnotes":""},"yoast_head":"<!-- This site is optimized with the Yoast SEO plugin v21.6 - https:\/\/yoast.com\/wordpress\/plugins\/seo\/ -->\n<title>Restaurant - Taverne KUM Sokolac<\/title>\n<meta name=\"robots\" content=\"index, follow, max-snippet:-1, max-image-preview:large, max-video-preview:-1\" \/>\n<link rel=\"canonical\" href=\"https:\/\/www.konobakum.com\/restoran\/\" \/>\n<meta name=\"twitter:card\" content=\"summary_large_image\" \/>\n<meta name=\"twitter:title\" content=\"Restaurant - Taverne KUM Sokolac\" \/>\n<meta name=\"twitter:description\" content=\"[vc_row full_height=&#8220;yes&#8220; columns_placement=&#8220;top&#8220;][vc_column width=&#8220;1\/6&#8243; css=&#8220;.vc_custom_1497713219038{margin-right: 10px !important;margin-left: 10px !important;}&#8220;][\/vc_column][vc_column width=&#8220;2\/3&#8243;][vc_column_text 0=&#8220;&#8220;] RESTAURANT Die Inneneinrichtung der Taverne KUM ist vollst\u00e4ndig von Details des Sarajevo-Romanija-Gebietes motiviert. Passend dazu ist auch die ganze Speisekarte diesem Stil angepasst. In unserem Restaurant haben Sie die M\u00f6glichkeit, die k\u00f6stlichsten Speisen unseres Gebietes, wof\u00fcr wir auch bekannt sind, zu probieren. Die Taverne [&hellip;]\" \/>\n<meta name=\"twitter:label1\" content=\"Gesch\u00e4tzte Lesezeit\" \/>\n\t<meta name=\"twitter:data1\" content=\"2\u00a0Minuten\" \/>\n<script type=\"application\/ld+json\" class=\"yoast-schema-graph\">{\"@context\":\"https:\/\/schema.org\",\"@graph\":[{\"@type\":\"WebPage\",\"@id\":\"https:\/\/www.konobakum.com\/restoran\/\",\"url\":\"https:\/\/www.konobakum.com\/restoran\/\",\"name\":\"Restaurant - Taverne KUM Sokolac\",\"isPartOf\":{\"@id\":\"https:\/\/www.konobakum.com\/#website\"},\"datePublished\":\"2017-05-16T06:34:52+00:00\",\"dateModified\":\"2021-05-07T23:47:26+00:00\",\"breadcrumb\":{\"@id\":\"https:\/\/www.konobakum.com\/restoran\/#breadcrumb\"},\"inLanguage\":\"de\",\"potentialAction\":[{\"@type\":\"ReadAction\",\"target\":[\"https:\/\/www.konobakum.com\/restoran\/\"]}]},{\"@type\":\"BreadcrumbList\",\"@id\":\"https:\/\/www.konobakum.com\/restoran\/#breadcrumb\",\"itemListElement\":[{\"@type\":\"ListItem\",\"position\":1,\"name\":\"Home\",\"item\":\"https:\/\/www.konobakum.com\/\"},{\"@type\":\"ListItem\",\"position\":2,\"name\":\"Restoran\"}]},{\"@type\":\"WebSite\",\"@id\":\"https:\/\/www.konobakum.com\/#website\",\"url\":\"https:\/\/www.konobakum.com\/\",\"name\":\"Taverne KUM Sokolac\",\"description\":\"Restaurant und Unterkunft\",\"publisher\":{\"@id\":\"https:\/\/www.konobakum.com\/#organization\"},\"potentialAction\":[{\"@type\":\"SearchAction\",\"target\":{\"@type\":\"EntryPoint\",\"urlTemplate\":\"https:\/\/www.konobakum.com\/?s={search_term_string}\"},\"query-input\":\"required name=search_term_string\"}],\"inLanguage\":\"de\"},{\"@type\":\"Organization\",\"@id\":\"https:\/\/www.konobakum.com\/#organization\",\"name\":\"Etno naselje KUM - Sokolac\",\"url\":\"https:\/\/www.konobakum.com\/\",\"logo\":{\"@type\":\"ImageObject\",\"inLanguage\":\"de\",\"@id\":\"https:\/\/www.konobakum.com\/#\/schema\/logo\/image\/\",\"url\":\"https:\/\/www.konobakum.com\/wp-content\/uploads\/2018\/12\/logo6.jpg\",\"contentUrl\":\"https:\/\/www.konobakum.com\/wp-content\/uploads\/2018\/12\/logo6.jpg\",\"width\":160,\"height\":160,\"caption\":\"Etno naselje KUM - Sokolac\"},\"image\":{\"@id\":\"https:\/\/www.konobakum.com\/#\/schema\/logo\/image\/\"},\"sameAs\":[\"https:\/\/www.facebook.com\/Konoba-KUM-141559219838414\/\",\"https:\/\/www.instagram.com\/etnonaselje_kum_sokolac\/\",\"https:\/\/www.youtube.com\/channel\/UC3PrITwf68Q6Mf3E2TnHHhA\/videos\"]}]}<\/script>\n<!-- \/ Yoast SEO plugin. -->","yoast_head_json":{"title":"Restaurant - Taverne KUM Sokolac","robots":{"index":"index","follow":"follow","max-snippet":"max-snippet:-1","max-image-preview":"max-image-preview:large","max-video-preview":"max-video-preview:-1"},"canonical":"https:\/\/www.konobakum.com\/restoran\/","twitter_card":"summary_large_image","twitter_title":"Restaurant - Taverne KUM Sokolac","twitter_description":"[vc_row full_height=&#8220;yes&#8220; columns_placement=&#8220;top&#8220;][vc_column width=&#8220;1\/6&#8243; css=&#8220;.vc_custom_1497713219038{margin-right: 10px !important;margin-left: 10px !important;}&#8220;][\/vc_column][vc_column width=&#8220;2\/3&#8243;][vc_column_text 0=&#8220;&#8220;] RESTAURANT Die Inneneinrichtung der Taverne KUM ist vollst\u00e4ndig von Details des Sarajevo-Romanija-Gebietes motiviert. Passend dazu ist auch die ganze Speisekarte diesem Stil angepasst. In unserem Restaurant haben Sie die M\u00f6glichkeit, die k\u00f6stlichsten Speisen unseres Gebietes, wof\u00fcr wir auch bekannt sind, zu probieren. Die Taverne [&hellip;]","twitter_misc":{"Gesch\u00e4tzte Lesezeit":"2\u00a0Minuten"},"schema":{"@context":"https:\/\/schema.org","@graph":[{"@type":"WebPage","@id":"https:\/\/www.konobakum.com\/restoran\/","url":"https:\/\/www.konobakum.com\/restoran\/","name":"Restaurant - Taverne KUM Sokolac","isPartOf":{"@id":"https:\/\/www.konobakum.com\/#website"},"datePublished":"2017-05-16T06:34:52+00:00","dateModified":"2021-05-07T23:47:26+00:00","breadcrumb":{"@id":"https:\/\/www.konobakum.com\/restoran\/#breadcrumb"},"inLanguage":"de","potentialAction":[{"@type":"ReadAction","target":["https:\/\/www.konobakum.com\/restoran\/"]}]},{"@type":"BreadcrumbList","@id":"https:\/\/www.konobakum.com\/restoran\/#breadcrumb","itemListElement":[{"@type":"ListItem","position":1,"name":"Home","item":"https:\/\/www.konobakum.com\/"},{"@type":"ListItem","position":2,"name":"Restoran"}]},{"@type":"WebSite","@id":"https:\/\/www.konobakum.com\/#website","url":"https:\/\/www.konobakum.com\/","name":"Taverne KUM Sokolac","description":"Restaurant und Unterkunft","publisher":{"@id":"https:\/\/www.konobakum.com\/#organization"},"potentialAction":[{"@type":"SearchAction","target":{"@type":"EntryPoint","urlTemplate":"https:\/\/www.konobakum.com\/?s={search_term_string}"},"query-input":"required name=search_term_string"}],"inLanguage":"de"},{"@type":"Organization","@id":"https:\/\/www.konobakum.com\/#organization","name":"Etno naselje KUM - Sokolac","url":"https:\/\/www.konobakum.com\/","logo":{"@type":"ImageObject","inLanguage":"de","@id":"https:\/\/www.konobakum.com\/#\/schema\/logo\/image\/","url":"https:\/\/www.konobakum.com\/wp-content\/uploads\/2018\/12\/logo6.jpg","contentUrl":"https:\/\/www.konobakum.com\/wp-content\/uploads\/2018\/12\/logo6.jpg","width":160,"height":160,"caption":"Etno naselje KUM - Sokolac"},"image":{"@id":"https:\/\/www.konobakum.com\/#\/schema\/logo\/image\/"},"sameAs":["https:\/\/www.facebook.com\/Konoba-KUM-141559219838414\/","https:\/\/www.instagram.com\/etnonaselje_kum_sokolac\/","https:\/\/www.youtube.com\/channel\/UC3PrITwf68Q6Mf3E2TnHHhA\/videos"]}]}},"_links":{"self":[{"href":"https:\/\/www.konobakum.com\/de\/wp-json\/wp\/v2\/pages\/734"}],"collection":[{"href":"https:\/\/www.konobakum.com\/de\/wp-json\/wp\/v2\/pages"}],"about":[{"href":"https:\/\/www.konobakum.com\/de\/wp-json\/wp\/v2\/types\/page"}],"author":[{"embeddable":true,"href":"https:\/\/www.konobakum.com\/de\/wp-json\/wp\/v2\/users\/1"}],"replies":[{"embeddable":true,"href":"https:\/\/www.konobakum.com\/de\/wp-json\/wp\/v2\/comments?post=734"}],"version-history":[{"count":28,"href":"https:\/\/www.konobakum.com\/de\/wp-json\/wp\/v2\/pages\/734\/revisions"}],"predecessor-version":[{"id":1547,"href":"https:\/\/www.konobakum.com\/de\/wp-json\/wp\/v2\/pages\/734\/revisions\/1547"}],"wp:attachment":[{"href":"https:\/\/www.konobakum.com\/de\/wp-json\/wp\/v2\/media?parent=734"}],"curies":[{"name":"wp","href":"https:\/\/api.w.org\/{rel}","templated":true}]}}