{"id":737,"date":"2017-05-16T08:38:11","date_gmt":"2017-05-16T06:38:11","guid":{"rendered":"https:\/\/www.konobakum.com\/?page_id=737"},"modified":"2021-05-08T01:46:20","modified_gmt":"2021-05-07T23:46:20","slug":"sobe-2","status":"publish","type":"page","link":"https:\/\/www.konobakum.com\/de\/sobe-2\/","title":{"rendered":"Zimmer"},"content":{"rendered":"<p>[vc_row full_height=&#8220;yes&#8220;][vc_column width=&#8220;1\/6&#8243; css=&#8220;.vc_custom_1497787585234{margin-right: 10px !important;margin-left: 10px !important;}&#8220;][\/vc_column][vc_column width=&#8220;2\/3&#8243;][vc_column_text css=&#8220;.vc_custom_1523988839979{margin-right: 0px !important;margin-left: 0px !important;}&#8220;]<\/p>\n<div class=\"section-header section-header2\">\n<h4>ZIMMER<\/h4>\n<\/div>\n<p>Die Ethno-Siedlung KUM bietet neben der Unterbringung von Wohnungen in Ethnoh\u00e4usern die M\u00f6glichkeit der Unterbringung in Zimmern. Derzeit haben wir 2 Zimmer, die insgesamt 7 G\u00e4ste beherbergen k\u00f6nnen. Die derzeitige Gesamtkapazit\u00e4t aller Einheiten betr\u00e4gt 18 Pl\u00e4tze (11 in Ethnoh\u00e4usern und 7 in Zimmern). In naher Zukunft planen wir, die Kapazit\u00e4ten, sowie die Inhalte in Ethno Siedlung KUM Sokolac deutlich zu erweitern.<\/p>\n<p>Die Appartements sind Neubauten (2016) und sind mit modernen Badezimmern, Betten, zugeh\u00f6rigen M\u00f6beln, LCD-Fernsehern mit Kan\u00e4len des Anbieters TotalTV, gratis Parkpl\u00e4tzen und WiFi ausgestattet.<\/p>\n<p>F\u00fcr zus\u00e4tzliche Informationen rufen Sie uns an: <strong>+387 65 144 911<\/strong><\/p>\n<p>Reservierung&nbsp;<em><strong><a href=\"https:\/\/www.booking.com\/hotel\/ba\/bed-breakfast-kum.sr.html?aid=318615;label=Serbian_Bosnia_and_Herzegovina_SR_BA_29377906705-9NYlWrEDmbPdY9unBtRrrAS111450166465%3Apl%3Ata%3Ap1%3Ap2%3Aac%3Aap1t1%3Aneg%3Afi13865741017%3Atiaud-285284109966%3Adsa-386014554917%3Alp20079%3Ali%3Adec%3Adm;sid=590268366a5f8868c46ecc9e5f558a61;all_sr_blocks=252417002_103754337_1_1_0;checkin=2017-07-14;checkout=2017-07-15;dest_id=310755;dest_type=city;dist=0;group_adults=1;group_children=0;highlighted_blocks=252417002_103754337_1_1_0;hpos=1;no_rooms=1;room1=A;sb_price_type=total;srfid=3e92e82bc0d066bca593a512366974c2ca8eeb06X1;srpvid=09e746f48cb803a8;type=total;ucfs=1&amp;#hotelTmpl\" target=\"_blank\" rel=\"noopener\">Booking.com<\/a><\/strong><\/em>[\/vc_column_text][vc_gallery interval=&#8220;3&#8243; images=&#8220;533,532,535&#8243; img_size=&#8220;1200&#215;600&#8243;][\/vc_column][vc_column width=&#8220;1\/6&#8243;][\/vc_column][\/vc_row]<\/p>","protected":false},"excerpt":{"rendered":"<p>[vc_row full_height=&#8220;yes&#8220;][vc_column width=&#8220;1\/6&#8243; css=&#8220;.vc_custom_1497787585234{margin-right: 10px !important;margin-left: 10px !important;}&#8220;][\/vc_column][vc_column width=&#8220;2\/3&#8243;][vc_column_text css=&#8220;.vc_custom_1523988839979{margin-right: 0px !important;margin-left: 0px !important;}&#8220;] ZIMMER Die Ethno-Siedlung KUM bietet neben der Unterbringung von Wohnungen in Ethnoh\u00e4usern die M\u00f6glichkeit der Unterbringung in Zimmern. Derzeit haben wir 2 Zimmer, die insgesamt 7 G\u00e4ste beherbergen k\u00f6nnen. Die derzeitige Gesamtkapazit\u00e4t aller Einheiten betr\u00e4gt 18 Pl\u00e4tze (11 in Ethnoh\u00e4usern und [&hellip;]<\/p>\n","protected":false},"author":1,"featured_media":0,"parent":0,"menu_order":0,"comment_status":"closed","ping_status":"closed","template":"","meta":{"footnotes":""},"yoast_head":"<!-- This site is optimized with the Yoast SEO plugin v21.6 - https:\/\/yoast.com\/wordpress\/plugins\/seo\/ -->\n<title>Zimmer - Taverne KUM Sokolac<\/title>\n<meta name=\"robots\" content=\"index, follow, max-snippet:-1, max-image-preview:large, max-video-preview:-1\" \/>\n<link rel=\"canonical\" href=\"https:\/\/www.konobakum.com\/sobe-2\/\" \/>\n<meta name=\"twitter:card\" content=\"summary_large_image\" \/>\n<meta name=\"twitter:title\" content=\"Zimmer - Taverne KUM Sokolac\" \/>\n<meta name=\"twitter:description\" content=\"[vc_row full_height=&#8220;yes&#8220;][vc_column width=&#8220;1\/6&#8243; css=&#8220;.vc_custom_1497787585234{margin-right: 10px !important;margin-left: 10px !important;}&#8220;][\/vc_column][vc_column width=&#8220;2\/3&#8243;][vc_column_text css=&#8220;.vc_custom_1523988839979{margin-right: 0px !important;margin-left: 0px !important;}&#8220;] ZIMMER Die Ethno-Siedlung KUM bietet neben der Unterbringung von Wohnungen in Ethnoh\u00e4usern die M\u00f6glichkeit der Unterbringung in Zimmern. Derzeit haben wir 2 Zimmer, die insgesamt 7 G\u00e4ste beherbergen k\u00f6nnen. Die derzeitige Gesamtkapazit\u00e4t aller Einheiten betr\u00e4gt 18 Pl\u00e4tze (11 in Ethnoh\u00e4usern und [&hellip;]\" \/>\n<meta name=\"twitter:label1\" content=\"Gesch\u00e4tzte Lesezeit\" \/>\n\t<meta name=\"twitter:data1\" content=\"2\u00a0Minuten\" \/>\n<script type=\"application\/ld+json\" class=\"yoast-schema-graph\">{\"@context\":\"https:\/\/schema.org\",\"@graph\":[{\"@type\":\"WebPage\",\"@id\":\"https:\/\/www.konobakum.com\/sobe-2\/\",\"url\":\"https:\/\/www.konobakum.com\/sobe-2\/\",\"name\":\"Zimmer - Taverne KUM Sokolac\",\"isPartOf\":{\"@id\":\"https:\/\/www.konobakum.com\/#website\"},\"datePublished\":\"2017-05-16T06:38:11+00:00\",\"dateModified\":\"2021-05-07T23:46:20+00:00\",\"breadcrumb\":{\"@id\":\"https:\/\/www.konobakum.com\/sobe-2\/#breadcrumb\"},\"inLanguage\":\"de\",\"potentialAction\":[{\"@type\":\"ReadAction\",\"target\":[\"https:\/\/www.konobakum.com\/sobe-2\/\"]}]},{\"@type\":\"BreadcrumbList\",\"@id\":\"https:\/\/www.konobakum.com\/sobe-2\/#breadcrumb\",\"itemListElement\":[{\"@type\":\"ListItem\",\"position\":1,\"name\":\"Home\",\"item\":\"https:\/\/www.konobakum.com\/\"},{\"@type\":\"ListItem\",\"position\":2,\"name\":\"Sobe\"}]},{\"@type\":\"WebSite\",\"@id\":\"https:\/\/www.konobakum.com\/#website\",\"url\":\"https:\/\/www.konobakum.com\/\",\"name\":\"Taverne KUM Sokolac\",\"description\":\"Restaurant und Unterkunft\",\"publisher\":{\"@id\":\"https:\/\/www.konobakum.com\/#organization\"},\"potentialAction\":[{\"@type\":\"SearchAction\",\"target\":{\"@type\":\"EntryPoint\",\"urlTemplate\":\"https:\/\/www.konobakum.com\/?s={search_term_string}\"},\"query-input\":\"required name=search_term_string\"}],\"inLanguage\":\"de\"},{\"@type\":\"Organization\",\"@id\":\"https:\/\/www.konobakum.com\/#organization\",\"name\":\"Etno naselje KUM - Sokolac\",\"url\":\"https:\/\/www.konobakum.com\/\",\"logo\":{\"@type\":\"ImageObject\",\"inLanguage\":\"de\",\"@id\":\"https:\/\/www.konobakum.com\/#\/schema\/logo\/image\/\",\"url\":\"https:\/\/www.konobakum.com\/wp-content\/uploads\/2018\/12\/logo6.jpg\",\"contentUrl\":\"https:\/\/www.konobakum.com\/wp-content\/uploads\/2018\/12\/logo6.jpg\",\"width\":160,\"height\":160,\"caption\":\"Etno naselje KUM - Sokolac\"},\"image\":{\"@id\":\"https:\/\/www.konobakum.com\/#\/schema\/logo\/image\/\"},\"sameAs\":[\"https:\/\/www.facebook.com\/Konoba-KUM-141559219838414\/\",\"https:\/\/www.instagram.com\/etnonaselje_kum_sokolac\/\",\"https:\/\/www.youtube.com\/channel\/UC3PrITwf68Q6Mf3E2TnHHhA\/videos\"]}]}<\/script>\n<!-- \/ Yoast SEO plugin. -->","yoast_head_json":{"title":"Zimmer - Taverne KUM Sokolac","robots":{"index":"index","follow":"follow","max-snippet":"max-snippet:-1","max-image-preview":"max-image-preview:large","max-video-preview":"max-video-preview:-1"},"canonical":"https:\/\/www.konobakum.com\/sobe-2\/","twitter_card":"summary_large_image","twitter_title":"Zimmer - Taverne KUM Sokolac","twitter_description":"[vc_row full_height=&#8220;yes&#8220;][vc_column width=&#8220;1\/6&#8243; css=&#8220;.vc_custom_1497787585234{margin-right: 10px !important;margin-left: 10px !important;}&#8220;][\/vc_column][vc_column width=&#8220;2\/3&#8243;][vc_column_text css=&#8220;.vc_custom_1523988839979{margin-right: 0px !important;margin-left: 0px !important;}&#8220;] ZIMMER Die Ethno-Siedlung KUM bietet neben der Unterbringung von Wohnungen in Ethnoh\u00e4usern die M\u00f6glichkeit der Unterbringung in Zimmern. Derzeit haben wir 2 Zimmer, die insgesamt 7 G\u00e4ste beherbergen k\u00f6nnen. Die derzeitige Gesamtkapazit\u00e4t aller Einheiten betr\u00e4gt 18 Pl\u00e4tze (11 in Ethnoh\u00e4usern und [&hellip;]","twitter_misc":{"Gesch\u00e4tzte Lesezeit":"2\u00a0Minuten"},"schema":{"@context":"https:\/\/schema.org","@graph":[{"@type":"WebPage","@id":"https:\/\/www.konobakum.com\/sobe-2\/","url":"https:\/\/www.konobakum.com\/sobe-2\/","name":"Zimmer - Taverne KUM Sokolac","isPartOf":{"@id":"https:\/\/www.konobakum.com\/#website"},"datePublished":"2017-05-16T06:38:11+00:00","dateModified":"2021-05-07T23:46:20+00:00","breadcrumb":{"@id":"https:\/\/www.konobakum.com\/sobe-2\/#breadcrumb"},"inLanguage":"de","potentialAction":[{"@type":"ReadAction","target":["https:\/\/www.konobakum.com\/sobe-2\/"]}]},{"@type":"BreadcrumbList","@id":"https:\/\/www.konobakum.com\/sobe-2\/#breadcrumb","itemListElement":[{"@type":"ListItem","position":1,"name":"Home","item":"https:\/\/www.konobakum.com\/"},{"@type":"ListItem","position":2,"name":"Sobe"}]},{"@type":"WebSite","@id":"https:\/\/www.konobakum.com\/#website","url":"https:\/\/www.konobakum.com\/","name":"Taverne KUM Sokolac","description":"Restaurant und Unterkunft","publisher":{"@id":"https:\/\/www.konobakum.com\/#organization"},"potentialAction":[{"@type":"SearchAction","target":{"@type":"EntryPoint","urlTemplate":"https:\/\/www.konobakum.com\/?s={search_term_string}"},"query-input":"required name=search_term_string"}],"inLanguage":"de"},{"@type":"Organization","@id":"https:\/\/www.konobakum.com\/#organization","name":"Etno naselje KUM - Sokolac","url":"https:\/\/www.konobakum.com\/","logo":{"@type":"ImageObject","inLanguage":"de","@id":"https:\/\/www.konobakum.com\/#\/schema\/logo\/image\/","url":"https:\/\/www.konobakum.com\/wp-content\/uploads\/2018\/12\/logo6.jpg","contentUrl":"https:\/\/www.konobakum.com\/wp-content\/uploads\/2018\/12\/logo6.jpg","width":160,"height":160,"caption":"Etno naselje KUM - Sokolac"},"image":{"@id":"https:\/\/www.konobakum.com\/#\/schema\/logo\/image\/"},"sameAs":["https:\/\/www.facebook.com\/Konoba-KUM-141559219838414\/","https:\/\/www.instagram.com\/etnonaselje_kum_sokolac\/","https:\/\/www.youtube.com\/channel\/UC3PrITwf68Q6Mf3E2TnHHhA\/videos"]}]}},"_links":{"self":[{"href":"https:\/\/www.konobakum.com\/de\/wp-json\/wp\/v2\/pages\/737"}],"collection":[{"href":"https:\/\/www.konobakum.com\/de\/wp-json\/wp\/v2\/pages"}],"about":[{"href":"https:\/\/www.konobakum.com\/de\/wp-json\/wp\/v2\/types\/page"}],"author":[{"embeddable":true,"href":"https:\/\/www.konobakum.com\/de\/wp-json\/wp\/v2\/users\/1"}],"replies":[{"embeddable":true,"href":"https:\/\/www.konobakum.com\/de\/wp-json\/wp\/v2\/comments?post=737"}],"version-history":[{"count":54,"href":"https:\/\/www.konobakum.com\/de\/wp-json\/wp\/v2\/pages\/737\/revisions"}],"predecessor-version":[{"id":1502,"href":"https:\/\/www.konobakum.com\/de\/wp-json\/wp\/v2\/pages\/737\/revisions\/1502"}],"wp:attachment":[{"href":"https:\/\/www.konobakum.com\/de\/wp-json\/wp\/v2\/media?parent=737"}],"curies":[{"name":"wp","href":"https:\/\/api.w.org\/{rel}","templated":true}]}}